{"id":1153,"date":"2025-05-01T16:23:40","date_gmt":"2025-05-01T16:23:40","guid":{"rendered":"https:\/\/floragardenhotels.com\/beach\/?page_id=1153"},"modified":"2025-05-01T16:23:40","modified_gmt":"2025-05-01T16:23:40","slug":"datenschutzbestimmungen","status":"publish","type":"page","link":"https:\/\/floragardenhotels.com\/beach\/de\/datenschutzbestimmungen\/","title":{"rendered":"Datenschutzbestimmungen"},"content":{"rendered":"<p>Mit der Nutzung dieser Website erkl\u00e4ren Sie sich mit der Verarbeitung Ihrer personenbezogenen Daten einverstanden. Ihre Sicherheit ist uns wichtig. Aus diesem Grund sind Ihre pers\u00f6nlichen Daten, die Sie uns mitteilen, besonders gesch\u00fctzt.<\/p>\n\n\n<p>Datenkontrolleur<\/p>\n\n\n<p>Wir, Flore Garden Ephesus Hotel, als Inhaber der Datenverarbeitung, informieren Sie mit dieser Datenschutzerkl\u00e4rung dar\u00fcber, welche Ihrer personenbezogenen Daten zu welchen Zwecken im Rahmen der von Ihnen besuchten Website verarbeitet werden, an wen und aus welchen Gr\u00fcnden die verarbeiteten Daten weitergegeben werden k\u00f6nnen, mit welcher Methode und aus welchen rechtlichen Gr\u00fcnden; wir m\u00f6chten Sie, unsere Nutzer, dar\u00fcber aufkl\u00e4ren, welche Rechte Sie bez\u00fcglich Ihrer verarbeiteten Daten haben.<\/p>\n\n\n<p>Erfasste personenbezogene Daten<\/p>\n\n\n<p>Ihre pers\u00f6nlichen Daten, die auf dieser Website gesammelt werden:<\/p>\n\n\n<p>Informationen zum Ger\u00e4t<br>E-Mail Adresse<br>IP-Adresse<br>Nutzungsdaten<br>Genutzte Dienste<br>Analyse und \u00dcberwachung<br>Google Analytics: Google Analytics wird verwendet, um das Besucherverhalten und die Nutzung der Website zu analysieren. Dieser Dienst liefert detaillierte Berichte \u00fcber Besucherverkehr, Interaktionen und Nutzerverhalten.<br>Werbedienstleistungen<br>Facebook-Pixel: Facebook Pixel optimiert die Zielgruppe durch die Verfolgung von Anzeigenkonversionen und misst die Anzeigenleistung.<br>Zwecke der Datenverarbeitung<\/p>\n\n\n<p>Ihre personenbezogenen Daten werden von dieser Website zum Zweck der Erbringung von Dienstleistungen in \u00dcbereinstimmung mit ihrem Zweck, zur Erf\u00fcllung rechtlicher Verpflichtungen, zur Verbesserung der Servicequalit\u00e4t, zur Kommunikation, zur Sicherheit und zur Weitergabe von Informationen an Justizbeh\u00f6rden verarbeitet, wenn dies erforderlich ist. Ihre personenbezogenen Daten werden nicht f\u00fcr andere Zwecke als diese Zwecke verwendet.<\/p>\n\n\n<p>Daten\u00fcbertragung<\/p>\n\n\n<p>Ihre auf dieser Website erhobenen personenbezogenen Daten werden ohne Ihre ausdr\u00fcckliche Zustimmung nicht an Dritte weitergegeben, es sei denn, dies ist gesetzlich vorgeschrieben. Sie k\u00f6nnen jedoch an unsere Dienstleister, Gesch\u00e4ftspartner und Justizbeh\u00f6rden weitergegeben werden, soweit dies f\u00fcr die Erbringung der Dienstleistung und die Erf\u00fcllung rechtlicher Verpflichtungen erforderlich ist.<\/p>\n\n\n<p>Verwendung von Cookies<\/p>\n\n\n<p>Diese Website verwendet Cookies. Cookies sind niedrigdimensionale Rich-Text-Formate, die es erm\u00f6glichen, beim Besuch einer Website bestimmte Informationen \u00fcber die Nutzer auf den Endger\u00e4ten der Nutzer zu speichern. Cookies k\u00f6nnen bei Ihrem ersten Besuch einer Website \u00fcber Ihren Browser auf Ihrem Ger\u00e4t gespeichert werden. Wenn Sie dieselbe Website mit demselben Ger\u00e4t erneut besuchen, pr\u00fcft Ihr Browser, ob auf Ihrem Ger\u00e4t ein Cookie im Namen der Website gespeichert ist. Wenn dies der Fall ist, \u00fcbermittelt er die Daten des Datensatzes an die von Ihnen besuchte Website. Auf diese Weise erkennt die Website Ihren vorherigen Besuch und bestimmt den Inhalt, der an Sie \u00fcbermittelt werden soll.<\/p>\n\n\n<p>Ihre gesetzlichen Rechte<br>Ihre Rechte bei der KVKK<\/p>\n\n\n<p>Gem\u00e4\u00df Artikel 11 des KVKK Nr. 6698 hat jeder das Recht, die folgenden, ihn betreffenden Anfragen an den f\u00fcr die Datenverarbeitung Verantwortlichen zu richten:<\/p>\n\n\n<p>zu erfahren, ob seine\/ihre personenbezogenen Daten verarbeitet werden oder nicht.<br>Auskunft zu verlangen, wenn seine\/ihre personenbezogenen Daten verarbeitet wurden.<br>Zu erfahren, zu welchem Zweck personenbezogene Daten verarbeitet werden und ob sie entsprechend ihrem Zweck verwendet werden.<br>Zu erfahren, an welche Dritten personenbezogene Daten im In- und Ausland \u00fcbermittelt werden.<br>Die Berichtigung personenbezogener Daten im Falle einer unvollst\u00e4ndigen oder unrichtigen Verarbeitung zu verlangen.<br>Die L\u00f6schung oder Vernichtung personenbezogener Daten im Rahmen der in Artikel 7 des KVKK festgelegten Bedingungen zu verlangen.<br>Die Benachrichtigung von Dritten, an die personenbezogene Daten \u00fcbermittelt werden, \u00fcber die aufgrund von Antr\u00e4gen auf Berichtigung, L\u00f6schung und Vernichtung durchgef\u00fchrten Transaktionen zu verlangen.<br>Einspruch gegen das Eintreten eines Ergebnisses zum Nachteil der Person selbst durch die Analyse der verarbeiteten Daten ausschlie\u00dflich durch automatisierte Systeme.<br>Im Falle eines Schadens, der durch die unrechtm\u00e4\u00dfige Verarbeitung personenbezogener Daten entstanden ist, den Ersatz des Schadens zu verlangen.<br>Mitteilung<\/p>\n\n\n<p>Sie k\u00f6nnen uns unter info.flora@floragardenhotels.com kontaktieren, um Ihre Rechte in Bezug auf Ihre pers\u00f6nlichen Daten auszu\u00fcben oder weitere Informationen \u00fcber unsere Datenschutzpolitik zu erhalten.<\/p>\n\n\n<p>Genehmigung und Vollstreckung<\/p>\n\n\n<p>Es ist allein Ihre Entscheidung, Ihre pers\u00f6nlichen Daten auf unserer Website zu ver\u00f6ffentlichen. Wenn Sie unsere Website weiterhin nutzen, wird davon ausgegangen, dass Sie diese Datenschutzrichtlinie akzeptieren. Diese Politik ist am 1. Mai 2025 in Kraft getreten und wird bei Bedarf aktualisiert.<\/p>\n","protected":false},"excerpt":{"rendered":"<p>Mit der Nutzung dieser Website erkl\u00e4ren Sie sich mit der Verarbeitung Ihrer personenbezogenen Daten einverstanden. Ihre Sicherheit ist uns wichtig. Aus diesem Grund sind Ihre pers\u00f6nlichen Daten, die Sie uns mitteilen, besonders gesch\u00fctzt. Datenkontrolleur Wir, Flore Garden Ephesus Hotel, als Inhaber der Datenverarbeitung, informieren Sie mit dieser Datenschutzerkl\u00e4rung dar\u00fcber, welche Ihrer personenbezogenen Daten zu welchen [&hellip;]<\/p>\n","protected":false},"author":2,"featured_media":0,"parent":0,"menu_order":0,"comment_status":"closed","ping_status":"closed","template":"","meta":{"_acf_changed":false,"_eb_attr":"","footnotes":""},"class_list":["post-1153","page","type-page","status-publish","hentry"],"acf":[],"lang":"de","translations":{"de":1153,"tr":1147,"en":1150,"ru":1156},"pll_sync_post":[],"_links":{"self":[{"href":"https:\/\/floragardenhotels.com\/beach\/wp-json\/wp\/v2\/pages\/1153","targetHints":{"allow":["GET"]}}],"collection":[{"href":"https:\/\/floragardenhotels.com\/beach\/wp-json\/wp\/v2\/pages"}],"about":[{"href":"https:\/\/floragardenhotels.com\/beach\/wp-json\/wp\/v2\/types\/page"}],"author":[{"embeddable":true,"href":"https:\/\/floragardenhotels.com\/beach\/wp-json\/wp\/v2\/users\/2"}],"replies":[{"embeddable":true,"href":"https:\/\/floragardenhotels.com\/beach\/wp-json\/wp\/v2\/comments?post=1153"}],"version-history":[{"count":1,"href":"https:\/\/floragardenhotels.com\/beach\/wp-json\/wp\/v2\/pages\/1153\/revisions"}],"predecessor-version":[{"id":1154,"href":"https:\/\/floragardenhotels.com\/beach\/wp-json\/wp\/v2\/pages\/1153\/revisions\/1154"}],"wp:attachment":[{"href":"https:\/\/floragardenhotels.com\/beach\/wp-json\/wp\/v2\/media?parent=1153"}],"curies":[{"name":"wp","href":"https:\/\/api.w.org\/{rel}","templated":true}]}}