{"id":1975,"date":"2025-09-27T15:08:50","date_gmt":"2025-09-27T15:08:50","guid":{"rendered":"https:\/\/floragardenhotels.com\/beach\/?page_id=1975"},"modified":"2026-04-12T13:09:19","modified_gmt":"2026-04-12T13:09:19","slug":"surdurulebilirlik-ve-kurumsal-politikalar","status":"publish","type":"page","link":"https:\/\/floragardenhotels.com\/beach\/tr\/surdurulebilirlik-ve-kurumsal-politikalar\/","title":{"rendered":"S\u00fcrd\u00fcr\u00fclebilirlik ve Kurumsal Politikalar"},"content":{"rendered":"\n<div style=\"height:200px\" aria-hidden=\"true\" class=\"wp-block-spacer\"><\/div>\n\n\n<a href=\"https:\/\/floragardenhotels.com\/beach\/wp-content\/uploads\/2026\/04\/16-Sustainability-Report-Flora-Garden-Beach-TR-2025-1.pdf\" class=\"pdfemb-viewer\" style=\"\" data-width=\"max\" data-height=\"max\" data-toolbar=\"bottom\" data-toolbar-fixed=\"off\">16-Sustainability-Report-Flora-Garden-Beach-TR-2025-1<\/a>\n\n\n<p><\/p>\n","protected":false},"excerpt":{"rendered":"","protected":false},"author":3,"featured_media":0,"parent":0,"menu_order":0,"comment_status":"closed","ping_status":"closed","template":"","meta":{"_acf_changed":false,"_eb_attr":"","footnotes":""},"class_list":["post-1975","page","type-page","status-publish","hentry"],"acf":[],"lang":"tr","translations":{"tr":1975,"en":2001,"de":2009,"ru":2011},"pll_sync_post":[],"_links":{"self":[{"href":"https:\/\/floragardenhotels.com\/beach\/wp-json\/wp\/v2\/pages\/1975","targetHints":{"allow":["GET"]}}],"collection":[{"href":"https:\/\/floragardenhotels.com\/beach\/wp-json\/wp\/v2\/pages"}],"about":[{"href":"https:\/\/floragardenhotels.com\/beach\/wp-json\/wp\/v2\/types\/page"}],"author":[{"embeddable":true,"href":"https:\/\/floragardenhotels.com\/beach\/wp-json\/wp\/v2\/users\/3"}],"replies":[{"embeddable":true,"href":"https:\/\/floragardenhotels.com\/beach\/wp-json\/wp\/v2\/comments?post=1975"}],"version-history":[{"count":12,"href":"https:\/\/floragardenhotels.com\/beach\/wp-json\/wp\/v2\/pages\/1975\/revisions"}],"predecessor-version":[{"id":2083,"href":"https:\/\/floragardenhotels.com\/beach\/wp-json\/wp\/v2\/pages\/1975\/revisions\/2083"}],"wp:attachment":[{"href":"https:\/\/floragardenhotels.com\/beach\/wp-json\/wp\/v2\/media?parent=1975"}],"curies":[{"name":"wp","href":"https:\/\/api.w.org\/{rel}","templated":true}]}}