{"id":2027,"date":"2026-04-11T07:08:51","date_gmt":"2026-04-11T07:08:51","guid":{"rendered":"https:\/\/floragardenhotels.com\/beach\/?page_id=2027"},"modified":"2026-04-11T07:18:14","modified_gmt":"2026-04-11T07:18:14","slug":"access-and-information-for-guests-with-special-needs","status":"publish","type":"page","link":"https:\/\/floragardenhotels.com\/beach\/access-and-information-for-guests-with-special-needs\/","title":{"rendered":"Access and Information for Guests with Special Needs"},"content":{"rendered":"\t\t<div data-elementor-type=\"wp-page\" data-elementor-id=\"2027\" class=\"elementor elementor-2027\" data-elementor-post-type=\"page\">\n\t\t\t\t<div class=\"elementor-element elementor-element-acec896 e-flex e-con-boxed e-con e-parent\" data-id=\"acec896\" data-element_type=\"container\" data-e-type=\"container\">\n\t\t\t\t\t<div class=\"e-con-inner\">\n\t\t\t\t\t<\/div>\n\t\t\t\t<\/div>\n\t\t<div class=\"elementor-element elementor-element-5bda2df e-flex e-con-boxed e-con e-parent\" data-id=\"5bda2df\" data-element_type=\"container\" data-e-type=\"container\">\n\t\t\t\t\t<div class=\"e-con-inner\">\n\t\t\t\t<div class=\"elementor-element elementor-element-b8feb05 elementor-widget elementor-widget-spacer\" data-id=\"b8feb05\" data-element_type=\"widget\" data-e-type=\"widget\" data-widget_type=\"spacer.default\">\n\t\t\t\t<div class=\"elementor-widget-container\">\n\t\t\t\t\t\t\t<div class=\"elementor-spacer\">\n\t\t\t<div class=\"elementor-spacer-inner\"><\/div>\n\t\t<\/div>\n\t\t\t\t\t\t<\/div>\n\t\t\t\t<\/div>\n\t\t\t\t\t<\/div>\n\t\t\t\t<\/div>\n\t\t<div class=\"elementor-element elementor-element-12add6d e-flex e-con-boxed e-con e-parent\" data-id=\"12add6d\" data-element_type=\"container\" data-e-type=\"container\">\n\t\t\t\t\t<div class=\"e-con-inner\">\n\t\t\t\t<div class=\"elementor-element elementor-element-dfa3701 elementor-widget elementor-widget-text-editor\" data-id=\"dfa3701\" data-element_type=\"widget\" data-e-type=\"widget\" data-widget_type=\"text-editor.default\">\n\t\t\t\t<div class=\"elementor-widget-container\">\n\t\t\t\t\t\t\t\t\t<p><strong>\u00a0<\/strong><\/p><p><strong>ACCESS AND INFORMATION FOR GUESTS WITH SPECIAL NEEDS<\/strong><\/p><p><strong>\u00a0<\/strong><\/p><p>Dear Guest, the facilities available at our hotel during your stay are listed below. Our Guest Relations staff will be delighted to assist you whenever you need help.<\/p><ul><li>Our facility provides accessibility services for people with physical disabilities and other special needs.<\/li><li>Access to the reception and lobby-lounge area is provided on the ground floor of our hotel, designed to facilitate horizontal circulation.<\/li><li>Lifts suitable for vertical access are available, providing access to all rooms.<\/li><li>Our facility features two rooms specially designed for guests with physical disabilities, as well as a disabled toilet in the lobby.<\/li><li>Visual alarms are in place on each floor to ensure accessibility for the hearing impaired.<\/li><li>The lifts are equipped with Braille and an audio warning system.<\/li><li>There is ramp access to the dining, pool and garden areas.<\/li><li>Our beach is accessible by wheelchair.<\/li><\/ul>\t\t\t\t\t\t\t\t<\/div>\n\t\t\t\t<\/div>\n\t\t\t\t\t<\/div>\n\t\t\t\t<\/div>\n\t\t<div class=\"elementor-element elementor-element-0272093 e-flex e-con-boxed e-con e-parent\" data-id=\"0272093\" data-element_type=\"container\" data-e-type=\"container\">\n\t\t\t\t\t<div class=\"e-con-inner\">\n\t\t<div class=\"elementor-element elementor-element-66b8489 e-con-full e-flex e-con e-child\" data-id=\"66b8489\" data-element_type=\"container\" data-e-type=\"container\">\n\t\t\t\t<div class=\"elementor-element elementor-element-573b797 elementor-widget elementor-widget-spacer\" data-id=\"573b797\" data-element_type=\"widget\" data-e-type=\"widget\" data-widget_type=\"spacer.default\">\n\t\t\t\t<div class=\"elementor-widget-container\">\n\t\t\t\t\t\t\t<div class=\"elementor-spacer\">\n\t\t\t<div class=\"elementor-spacer-inner\"><\/div>\n\t\t<\/div>\n\t\t\t\t\t\t<\/div>\n\t\t\t\t<\/div>\n\t\t\t\t<\/div>\n\t\t<div class=\"elementor-element elementor-element-a0622e9 e-con-full e-flex e-con e-child\" data-id=\"a0622e9\" data-element_type=\"container\" data-e-type=\"container\">\n\t\t\t\t<div class=\"elementor-element elementor-element-ec2a9c7 elementor-widget elementor-widget-spacer\" data-id=\"ec2a9c7\" data-element_type=\"widget\" data-e-type=\"widget\" data-widget_type=\"spacer.default\">\n\t\t\t\t<div class=\"elementor-widget-container\">\n\t\t\t\t\t\t\t<div class=\"elementor-spacer\">\n\t\t\t<div class=\"elementor-spacer-inner\"><\/div>\n\t\t<\/div>\n\t\t\t\t\t\t<\/div>\n\t\t\t\t<\/div>\n\t\t\t\t<\/div>\n\t\t<div class=\"elementor-element elementor-element-59dfce4 e-con-full e-flex e-con e-child\" data-id=\"59dfce4\" data-element_type=\"container\" data-e-type=\"container\">\n\t\t\t\t<div class=\"elementor-element elementor-element-bc468d3 elementor-widget elementor-widget-spacer\" data-id=\"bc468d3\" data-element_type=\"widget\" data-e-type=\"widget\" data-widget_type=\"spacer.default\">\n\t\t\t\t<div class=\"elementor-widget-container\">\n\t\t\t\t\t\t\t<div class=\"elementor-spacer\">\n\t\t\t<div class=\"elementor-spacer-inner\"><\/div>\n\t\t<\/div>\n\t\t\t\t\t\t<\/div>\n\t\t\t\t<\/div>\n\t\t\t\t<\/div>\n\t\t\t\t\t<\/div>\n\t\t\t\t<\/div>\n\t\t\t\t<\/div>\n\t\t","protected":false},"excerpt":{"rendered":"<p>\u00a0 \u00d6ZEL GEREKS\u0130N\u0130ML\u0130 M\u0130SAF\u0130RLER\u0130M\u0130Z \u0130\u00c7\u0130N ER\u0130\u015e\u0130M VE B\u0130LG\u0130LEND\u0130RME \u00a0 De\u011ferli Misafirimiz, konaklad\u0131\u011f\u0131n\u0131z s\u00fcre boyunca tesisimizin sahip oldu\u011fu imkanlar a\u015fa\u011f\u0131da belirtilmi\u015ftir. \u0130htiyac\u0131n\u0131z oldu\u011fu her an Guest Relation \u00e7al\u0131\u015fanlar\u0131m\u0131z sizlere yard\u0131mc\u0131 olmaktan mutluluk duyacakt\u0131r. Tesisimizde fiziksel engelli ve di\u011fer \u00f6zel ihtiya\u00e7lar\u0131 olan ki\u015filerin eri\u015filebilirli\u011fine hizmet sa\u011flanmaktad\u0131r. Otelimizin giri\u015f kat\u0131nda yatay dola\u015f\u0131ma uygun olarak resepsiyon ve lobi-oturma alan\u0131na [&hellip;]<\/p>\n","protected":false},"author":3,"featured_media":0,"parent":0,"menu_order":0,"comment_status":"closed","ping_status":"closed","template":"","meta":{"_acf_changed":false,"_eb_attr":"","footnotes":""},"class_list":["post-2027","page","type-page","status-publish","hentry"],"acf":[],"lang":"en","translations":{"en":2027,"tr":2043,"de":2049,"ru":2054},"pll_sync_post":[],"_links":{"self":[{"href":"https:\/\/floragardenhotels.com\/beach\/wp-json\/wp\/v2\/pages\/2027","targetHints":{"allow":["GET"]}}],"collection":[{"href":"https:\/\/floragardenhotels.com\/beach\/wp-json\/wp\/v2\/pages"}],"about":[{"href":"https:\/\/floragardenhotels.com\/beach\/wp-json\/wp\/v2\/types\/page"}],"author":[{"embeddable":true,"href":"https:\/\/floragardenhotels.com\/beach\/wp-json\/wp\/v2\/users\/3"}],"replies":[{"embeddable":true,"href":"https:\/\/floragardenhotels.com\/beach\/wp-json\/wp\/v2\/comments?post=2027"}],"version-history":[{"count":13,"href":"https:\/\/floragardenhotels.com\/beach\/wp-json\/wp\/v2\/pages\/2027\/revisions"}],"predecessor-version":[{"id":2042,"href":"https:\/\/floragardenhotels.com\/beach\/wp-json\/wp\/v2\/pages\/2027\/revisions\/2042"}],"wp:attachment":[{"href":"https:\/\/floragardenhotels.com\/beach\/wp-json\/wp\/v2\/media?parent=2027"}],"curies":[{"name":"wp","href":"https:\/\/api.w.org\/{rel}","templated":true}]}}