{"id":2043,"date":"2026-04-11T07:19:06","date_gmt":"2026-04-11T07:19:06","guid":{"rendered":"https:\/\/floragardenhotels.com\/beach\/?page_id=2043"},"modified":"2026-04-11T07:21:21","modified_gmt":"2026-04-11T07:21:21","slug":"ozel-gereksinimli-misafirlerimiz-icin-erisim-ve-bilgilendirme","status":"publish","type":"page","link":"https:\/\/floragardenhotels.com\/beach\/tr\/ozel-gereksinimli-misafirlerimiz-icin-erisim-ve-bilgilendirme\/","title":{"rendered":"\u00d6zel Gereksinimli Misafirlerimiz \u0130\u00e7in Eri\u015fim ve Bilgilendirme"},"content":{"rendered":"\t\t<div data-elementor-type=\"wp-page\" data-elementor-id=\"2043\" class=\"elementor elementor-2043\" data-elementor-post-type=\"page\">\n\t\t\t\t<div class=\"elementor-element elementor-element-acec896 e-flex e-con-boxed e-con e-parent\" data-id=\"acec896\" data-element_type=\"container\" data-e-type=\"container\">\n\t\t\t\t\t<div class=\"e-con-inner\">\n\t\t\t\t\t<\/div>\n\t\t\t\t<\/div>\n\t\t<div class=\"elementor-element elementor-element-5bda2df e-flex e-con-boxed e-con e-parent\" data-id=\"5bda2df\" data-element_type=\"container\" data-e-type=\"container\">\n\t\t\t\t\t<div class=\"e-con-inner\">\n\t\t\t\t<div class=\"elementor-element elementor-element-b8feb05 elementor-widget elementor-widget-spacer\" data-id=\"b8feb05\" data-element_type=\"widget\" data-e-type=\"widget\" data-widget_type=\"spacer.default\">\n\t\t\t\t<div class=\"elementor-widget-container\">\n\t\t\t\t\t\t\t<div class=\"elementor-spacer\">\n\t\t\t<div class=\"elementor-spacer-inner\"><\/div>\n\t\t<\/div>\n\t\t\t\t\t\t<\/div>\n\t\t\t\t<\/div>\n\t\t\t\t\t<\/div>\n\t\t\t\t<\/div>\n\t\t<div class=\"elementor-element elementor-element-12add6d e-flex e-con-boxed e-con e-parent\" data-id=\"12add6d\" data-element_type=\"container\" data-e-type=\"container\">\n\t\t\t\t\t<div class=\"e-con-inner\">\n\t\t\t\t<div class=\"elementor-element elementor-element-dfa3701 elementor-widget elementor-widget-text-editor\" data-id=\"dfa3701\" data-element_type=\"widget\" data-e-type=\"widget\" data-widget_type=\"text-editor.default\">\n\t\t\t\t<div class=\"elementor-widget-container\">\n\t\t\t\t\t\t\t\t\t<p><strong>\u00a0<\/strong><\/p><p><strong>\u00d6ZEL GEREKS\u0130N\u0130ML\u0130 M\u0130SAF\u0130RLER\u0130M\u0130Z \u0130\u00c7\u0130N ER\u0130\u015e\u0130M VE B\u0130LG\u0130LEND\u0130RME<\/strong><\/p><p><strong>\u00a0<\/strong><\/p><p>De\u011ferli Misafirimiz, konaklad\u0131\u011f\u0131n\u0131z s\u00fcre boyunca tesisimizin sahip oldu\u011fu imkanlar a\u015fa\u011f\u0131da belirtilmi\u015ftir. \u0130htiyac\u0131n\u0131z oldu\u011fu her an Guest Relation \u00e7al\u0131\u015fanlar\u0131m\u0131z sizlere yard\u0131mc\u0131 olmaktan mutluluk duyacakt\u0131r.<\/p><ul><li>Tesisimizde fiziksel engelli ve di\u011fer \u00f6zel ihtiya\u00e7lar\u0131 olan ki\u015filerin eri\u015filebilirli\u011fine hizmet sa\u011flanmaktad\u0131r.<\/li><li>Otelimizin giri\u015f kat\u0131nda yatay dola\u015f\u0131ma uygun olarak resepsiyon ve lobi-oturma alan\u0131na eri\u015fim sa\u011flanmaktad\u0131r.<\/li><li>Dikey dola\u015f\u0131m i\u00e7in uygun asans\u00f6rler mevcut olup t\u00fcm odalara eri\u015fimi bulunmaktad\u0131r.<\/li><li>Tesisimizde fiziksel engelli misafirlerimiz i\u00e7in \u00f6zel olarak tasarlanm\u0131\u015f 2 adet engelli odas\u0131 ve lobi b\u00f6l\u00fcm\u00fcnde engelli wc mevcuttur.<\/li><li>\u0130\u015fitme eri\u015filebilirli\u011fi a\u00e7\u0131s\u0131ndan katlarda g\u00f6rsel alarmlar mevcut.<\/li><li>Asans\u00f6rlerde Braille Alfabesi ve sesli uyar\u0131 sistemi mevcuttur.<\/li><li>Yeme-i\u00e7me, havuz ve bah\u00e7e alan\u0131na rampa ile eri\u015fim mevcuttur.<\/li><li>Plaj\u0131m\u0131za tekerlekli sandalye ile ula\u015f\u0131m m\u00fcmk\u00fcnd\u00fcr.<\/li><\/ul><p>\u00a0<\/p>\t\t\t\t\t\t\t\t<\/div>\n\t\t\t\t<\/div>\n\t\t\t\t\t<\/div>\n\t\t\t\t<\/div>\n\t\t<div class=\"elementor-element elementor-element-0272093 e-flex e-con-boxed e-con e-parent\" data-id=\"0272093\" data-element_type=\"container\" data-e-type=\"container\">\n\t\t\t\t\t<div class=\"e-con-inner\">\n\t\t<div class=\"elementor-element elementor-element-66b8489 e-con-full e-flex e-con e-child\" data-id=\"66b8489\" data-element_type=\"container\" data-e-type=\"container\">\n\t\t\t\t<div class=\"elementor-element elementor-element-573b797 elementor-widget elementor-widget-spacer\" data-id=\"573b797\" data-element_type=\"widget\" data-e-type=\"widget\" data-widget_type=\"spacer.default\">\n\t\t\t\t<div class=\"elementor-widget-container\">\n\t\t\t\t\t\t\t<div class=\"elementor-spacer\">\n\t\t\t<div class=\"elementor-spacer-inner\"><\/div>\n\t\t<\/div>\n\t\t\t\t\t\t<\/div>\n\t\t\t\t<\/div>\n\t\t\t\t<\/div>\n\t\t<div class=\"elementor-element elementor-element-a0622e9 e-con-full e-flex e-con e-child\" data-id=\"a0622e9\" data-element_type=\"container\" data-e-type=\"container\">\n\t\t\t\t<div class=\"elementor-element elementor-element-ec2a9c7 elementor-widget elementor-widget-spacer\" data-id=\"ec2a9c7\" data-element_type=\"widget\" data-e-type=\"widget\" data-widget_type=\"spacer.default\">\n\t\t\t\t<div class=\"elementor-widget-container\">\n\t\t\t\t\t\t\t<div class=\"elementor-spacer\">\n\t\t\t<div class=\"elementor-spacer-inner\"><\/div>\n\t\t<\/div>\n\t\t\t\t\t\t<\/div>\n\t\t\t\t<\/div>\n\t\t\t\t<\/div>\n\t\t<div class=\"elementor-element elementor-element-59dfce4 e-con-full e-flex e-con e-child\" data-id=\"59dfce4\" data-element_type=\"container\" data-e-type=\"container\">\n\t\t\t\t<div class=\"elementor-element elementor-element-bc468d3 elementor-widget elementor-widget-spacer\" data-id=\"bc468d3\" data-element_type=\"widget\" data-e-type=\"widget\" data-widget_type=\"spacer.default\">\n\t\t\t\t<div class=\"elementor-widget-container\">\n\t\t\t\t\t\t\t<div class=\"elementor-spacer\">\n\t\t\t<div class=\"elementor-spacer-inner\"><\/div>\n\t\t<\/div>\n\t\t\t\t\t\t<\/div>\n\t\t\t\t<\/div>\n\t\t\t\t<\/div>\n\t\t\t\t\t<\/div>\n\t\t\t\t<\/div>\n\t\t\t\t<\/div>\n\t\t","protected":false},"excerpt":{"rendered":"<p>\u00a0 \u00d6ZEL GEREKS\u0130N\u0130ML\u0130 M\u0130SAF\u0130RLER\u0130M\u0130Z \u0130\u00c7\u0130N ER\u0130\u015e\u0130M VE B\u0130LG\u0130LEND\u0130RME \u00a0 De\u011ferli Misafirimiz, konaklad\u0131\u011f\u0131n\u0131z s\u00fcre boyunca tesisimizin sahip oldu\u011fu imkanlar a\u015fa\u011f\u0131da belirtilmi\u015ftir. \u0130htiyac\u0131n\u0131z oldu\u011fu her an Guest Relation \u00e7al\u0131\u015fanlar\u0131m\u0131z sizlere yard\u0131mc\u0131 olmaktan mutluluk duyacakt\u0131r. Tesisimizde fiziksel engelli ve di\u011fer \u00f6zel ihtiya\u00e7lar\u0131 olan ki\u015filerin eri\u015filebilirli\u011fine hizmet sa\u011flanmaktad\u0131r. Otelimizin giri\u015f kat\u0131nda yatay dola\u015f\u0131ma uygun olarak resepsiyon ve lobi-oturma alan\u0131na [&hellip;]<\/p>\n","protected":false},"author":3,"featured_media":0,"parent":0,"menu_order":0,"comment_status":"closed","ping_status":"closed","template":"","meta":{"_acf_changed":false,"_eb_attr":"","footnotes":""},"class_list":["post-2043","page","type-page","status-publish","hentry"],"acf":[],"lang":"tr","translations":{"tr":2043,"en":2027,"de":2049,"ru":2054},"pll_sync_post":[],"_links":{"self":[{"href":"https:\/\/floragardenhotels.com\/beach\/wp-json\/wp\/v2\/pages\/2043","targetHints":{"allow":["GET"]}}],"collection":[{"href":"https:\/\/floragardenhotels.com\/beach\/wp-json\/wp\/v2\/pages"}],"about":[{"href":"https:\/\/floragardenhotels.com\/beach\/wp-json\/wp\/v2\/types\/page"}],"author":[{"embeddable":true,"href":"https:\/\/floragardenhotels.com\/beach\/wp-json\/wp\/v2\/users\/3"}],"replies":[{"embeddable":true,"href":"https:\/\/floragardenhotels.com\/beach\/wp-json\/wp\/v2\/comments?post=2043"}],"version-history":[{"count":4,"href":"https:\/\/floragardenhotels.com\/beach\/wp-json\/wp\/v2\/pages\/2043\/revisions"}],"predecessor-version":[{"id":2048,"href":"https:\/\/floragardenhotels.com\/beach\/wp-json\/wp\/v2\/pages\/2043\/revisions\/2048"}],"wp:attachment":[{"href":"https:\/\/floragardenhotels.com\/beach\/wp-json\/wp\/v2\/media?parent=2043"}],"curies":[{"name":"wp","href":"https:\/\/api.w.org\/{rel}","templated":true}]}}