{"id":2049,"date":"2026-04-11T07:22:27","date_gmt":"2026-04-11T07:22:27","guid":{"rendered":"https:\/\/floragardenhotels.com\/beach\/?page_id=2049"},"modified":"2026-04-11T07:28:27","modified_gmt":"2026-04-11T07:28:27","slug":"zugang-und-informationen-fuer-unsere-gaeste-mit-besonderen-beduerfnissen","status":"publish","type":"page","link":"https:\/\/floragardenhotels.com\/beach\/de\/zugang-und-informationen-fuer-unsere-gaeste-mit-besonderen-beduerfnissen\/","title":{"rendered":"ZUGANG UND INFORMATIONEN F\u00dcR UNSERE G\u00c4STE MIT BESONDEREN BED\u00dcRFNISSEN"},"content":{"rendered":"\t\t<div data-elementor-type=\"wp-page\" data-elementor-id=\"2049\" class=\"elementor elementor-2049\" data-elementor-post-type=\"page\">\n\t\t\t\t<div class=\"elementor-element elementor-element-acec896 e-flex e-con-boxed e-con e-parent\" data-id=\"acec896\" data-element_type=\"container\" data-e-type=\"container\">\n\t\t\t\t\t<div class=\"e-con-inner\">\n\t\t\t\t\t<\/div>\n\t\t\t\t<\/div>\n\t\t<div class=\"elementor-element elementor-element-42538d5 e-flex e-con-boxed e-con e-parent\" data-id=\"42538d5\" data-element_type=\"container\" data-e-type=\"container\">\n\t\t\t\t\t<div class=\"e-con-inner\">\n\t\t\t\t<div class=\"elementor-element elementor-element-471710a elementor-widget elementor-widget-spacer\" data-id=\"471710a\" data-element_type=\"widget\" data-e-type=\"widget\" data-widget_type=\"spacer.default\">\n\t\t\t\t<div class=\"elementor-widget-container\">\n\t\t\t\t\t\t\t<div class=\"elementor-spacer\">\n\t\t\t<div class=\"elementor-spacer-inner\"><\/div>\n\t\t<\/div>\n\t\t\t\t\t\t<\/div>\n\t\t\t\t<\/div>\n\t\t\t\t\t<\/div>\n\t\t\t\t<\/div>\n\t\t<div class=\"elementor-element elementor-element-12add6d e-flex e-con-boxed e-con e-parent\" data-id=\"12add6d\" data-element_type=\"container\" data-e-type=\"container\">\n\t\t\t\t\t<div class=\"e-con-inner\">\n\t\t\t\t<div class=\"elementor-element elementor-element-dfa3701 elementor-widget elementor-widget-text-editor\" data-id=\"dfa3701\" data-element_type=\"widget\" data-e-type=\"widget\" data-widget_type=\"text-editor.default\">\n\t\t\t\t<div class=\"elementor-widget-container\">\n\t\t\t\t\t\t\t\t\t<p><strong>\u00a0<\/strong><\/p><p><strong>\u00a0<\/strong><strong>ZUGANG UND INFORMATIONEN F\u00dcR UNSERE G\u00c4STE MIT BESONDEREN BED\u00dcRFNISSEN<\/strong><strong>\u00a0<\/strong><\/p><p>Sehr geehrter Gast, bitte finden Sie unten die Einrichtungen, die Ihnen w\u00e4hrend Ihres Aufenthalts in unserer Unterkunft zur Verf\u00fcgung stehen. Unser G\u00e4stebetreuungsteam hilft Ihnen gerne jederzeit weiter.<\/p><ul><li>Unser Hotel bietet barrierefreie Services f\u00fcr Menschen mit k\u00f6rperlichen Behinderungen und anderen besonderen Bed\u00fcrfnissen.<\/li><li>Die Rezeption und der Lobby-\/Sitzbereich im Erdgeschoss sind barrierefrei zug\u00e4nglich.<\/li><li>Es gibt Aufz\u00fcge, die alle Zimmer erreichen.<\/li><li>Unser Hotel verf\u00fcgt \u00fcber zwei speziell f\u00fcr G\u00e4ste mit k\u00f6rperlichen Behinderungen eingerichtete Zimmer und eine behindertengerechte Toilette in der Lobby.<\/li><li>Auf jeder Etage befinden sich optische Alarme f\u00fcr H\u00f6rgesch\u00e4digte.<\/li><li>Die Aufz\u00fcge sind mit Braille-Schrift und akustischen Warnsignalen ausgestattet.<\/li><li>Der Zugang zum Speisesaal, Pool und Garten erfolgt \u00fcber Rampen.<\/li><li>Unser Strand ist rollstuhlgerecht.<\/li><li>\u041d\u0430\u0448 \u043f\u043b\u044f\u0436 \u0434\u043e\u0441\u0442\u0443\u043f\u0435\u043d \u0434\u043b\u044f \u043b\u044e\u0434\u0435\u0439 \u0432 \u0438\u043d\u0432\u0430\u043b\u0438\u0434\u043d\u044b\u0445 \u043a\u043e\u043b\u044f\u0441\u043a\u0430\u0445.<\/li><\/ul>\t\t\t\t\t\t\t\t<\/div>\n\t\t\t\t<\/div>\n\t\t\t\t\t<\/div>\n\t\t\t\t<\/div>\n\t\t<div class=\"elementor-element elementor-element-0272093 e-flex e-con-boxed e-con e-parent\" data-id=\"0272093\" data-element_type=\"container\" data-e-type=\"container\">\n\t\t\t\t\t<div class=\"e-con-inner\">\n\t\t<div class=\"elementor-element elementor-element-66b8489 e-con-full e-flex e-con e-child\" data-id=\"66b8489\" data-element_type=\"container\" data-e-type=\"container\">\n\t\t\t\t<div class=\"elementor-element elementor-element-573b797 elementor-widget elementor-widget-spacer\" data-id=\"573b797\" data-element_type=\"widget\" data-e-type=\"widget\" data-widget_type=\"spacer.default\">\n\t\t\t\t<div class=\"elementor-widget-container\">\n\t\t\t\t\t\t\t<div class=\"elementor-spacer\">\n\t\t\t<div class=\"elementor-spacer-inner\"><\/div>\n\t\t<\/div>\n\t\t\t\t\t\t<\/div>\n\t\t\t\t<\/div>\n\t\t\t\t<\/div>\n\t\t<div class=\"elementor-element elementor-element-a0622e9 e-con-full e-flex e-con e-child\" data-id=\"a0622e9\" data-element_type=\"container\" data-e-type=\"container\">\n\t\t\t\t<div class=\"elementor-element elementor-element-ec2a9c7 elementor-widget elementor-widget-spacer\" data-id=\"ec2a9c7\" data-element_type=\"widget\" data-e-type=\"widget\" data-widget_type=\"spacer.default\">\n\t\t\t\t<div class=\"elementor-widget-container\">\n\t\t\t\t\t\t\t<div class=\"elementor-spacer\">\n\t\t\t<div class=\"elementor-spacer-inner\"><\/div>\n\t\t<\/div>\n\t\t\t\t\t\t<\/div>\n\t\t\t\t<\/div>\n\t\t\t\t<\/div>\n\t\t<div class=\"elementor-element elementor-element-59dfce4 e-con-full e-flex e-con e-child\" data-id=\"59dfce4\" data-element_type=\"container\" data-e-type=\"container\">\n\t\t\t\t<div class=\"elementor-element elementor-element-bc468d3 elementor-widget elementor-widget-spacer\" data-id=\"bc468d3\" data-element_type=\"widget\" data-e-type=\"widget\" data-widget_type=\"spacer.default\">\n\t\t\t\t<div class=\"elementor-widget-container\">\n\t\t\t\t\t\t\t<div class=\"elementor-spacer\">\n\t\t\t<div class=\"elementor-spacer-inner\"><\/div>\n\t\t<\/div>\n\t\t\t\t\t\t<\/div>\n\t\t\t\t<\/div>\n\t\t\t\t<\/div>\n\t\t\t\t\t<\/div>\n\t\t\t\t<\/div>\n\t\t\t\t<\/div>\n\t\t","protected":false},"excerpt":{"rendered":"<p>\u00a0 \u00a0ZUGANG UND INFORMATIONEN F\u00dcR UNSERE G\u00c4STE MIT BESONDEREN BED\u00dcRFNISSEN\u00a0 Sehr geehrter Gast, bitte finden Sie unten die Einrichtungen, die Ihnen w\u00e4hrend Ihres Aufenthalts in unserer Unterkunft zur Verf\u00fcgung stehen. Unser G\u00e4stebetreuungsteam hilft Ihnen gerne jederzeit weiter. Unser Hotel bietet barrierefreie Services f\u00fcr Menschen mit k\u00f6rperlichen Behinderungen und anderen besonderen Bed\u00fcrfnissen. Die Rezeption und der [&hellip;]<\/p>\n","protected":false},"author":3,"featured_media":0,"parent":0,"menu_order":0,"comment_status":"closed","ping_status":"closed","template":"","meta":{"_acf_changed":false,"_eb_attr":"","footnotes":""},"class_list":["post-2049","page","type-page","status-publish","hentry"],"acf":[],"lang":"de","translations":{"de":2049,"tr":2043,"en":2027,"ru":2054},"pll_sync_post":[],"_links":{"self":[{"href":"https:\/\/floragardenhotels.com\/beach\/wp-json\/wp\/v2\/pages\/2049","targetHints":{"allow":["GET"]}}],"collection":[{"href":"https:\/\/floragardenhotels.com\/beach\/wp-json\/wp\/v2\/pages"}],"about":[{"href":"https:\/\/floragardenhotels.com\/beach\/wp-json\/wp\/v2\/types\/page"}],"author":[{"embeddable":true,"href":"https:\/\/floragardenhotels.com\/beach\/wp-json\/wp\/v2\/users\/3"}],"replies":[{"embeddable":true,"href":"https:\/\/floragardenhotels.com\/beach\/wp-json\/wp\/v2\/comments?post=2049"}],"version-history":[{"count":10,"href":"https:\/\/floragardenhotels.com\/beach\/wp-json\/wp\/v2\/pages\/2049\/revisions"}],"predecessor-version":[{"id":2074,"href":"https:\/\/floragardenhotels.com\/beach\/wp-json\/wp\/v2\/pages\/2049\/revisions\/2074"}],"wp:attachment":[{"href":"https:\/\/floragardenhotels.com\/beach\/wp-json\/wp\/v2\/media?parent=2049"}],"curies":[{"name":"wp","href":"https:\/\/api.w.org\/{rel}","templated":true}]}}